{"id":97,"date":"2021-10-30T19:28:44","date_gmt":"2021-10-30T19:28:44","guid":{"rendered":"http:\/\/flima.net.br\/4\/?page_id=97"},"modified":"2021-11-06T14:31:13","modified_gmt":"2021-11-06T14:31:13","slug":"apoie-a-flima","status":"publish","type":"page","link":"https:\/\/flima.net.br\/4\/apoie-a-flima","title":{"rendered":"Apoie a FLIMA"},"content":{"rendered":"","protected":false},"excerpt":{"rendered":"","protected":false},"author":1,"featured_media":0,"parent":0,"menu_order":0,"comment_status":"closed","ping_status":"closed","template":"","meta":{"footnotes":""},"class_list":["post-97","page","type-page","status-publish","hentry"],"yoast_head":"<!-- This site is optimized with the Yoast SEO plugin v18.4.1 - https:\/\/yoast.com\/wordpress\/plugins\/seo\/ -->\n<title>Apoie a FLIMA - FLIMA<\/title>\n<meta name=\"description\" content=\"A FLIMA \u00e9 uma iniciativa cultural independente, com sede em Santo Ant\u00f4nio do Pinhal. Pedimos o apoio de pessoas que, como voc\u00ea, acreditam na causa da literatura e\/ou t\u00eam um carinho especial pela serra da Mantiqueira.\" \/>\n<meta name=\"robots\" content=\"index, follow, max-snippet:-1, max-image-preview:large, max-video-preview:-1\" \/>\n<link rel=\"canonical\" href=\"https:\/\/flima.net.br\/4\/apoie-a-flima\" \/>\n<meta property=\"og:locale\" content=\"en_US\" \/>\n<meta property=\"og:type\" content=\"article\" \/>\n<meta property=\"og:title\" content=\"Apoie a FLIMA\" \/>\n<meta property=\"og:description\" content=\"A FLIMA \u00e9 uma iniciativa cultural independente, com sede em Santo Ant\u00f4nio do Pinhal. Pedimos o apoio de pessoas que, como voc\u00ea, acreditam na causa da literatura e\/ou t\u00eam um carinho especial pela serra da Mantiqueira.\" \/>\n<meta property=\"og:url\" content=\"https:\/\/flima.net.br\/4\/apoie-a-flima\" \/>\n<meta property=\"og:site_name\" content=\"FLIMA\" \/>\n<meta property=\"article:modified_time\" content=\"2021-11-06T14:31:13+00:00\" \/>\n<meta property=\"og:image\" content=\"https:\/\/flima.net.br\/4\/wp-content\/uploads\/2021\/11\/apoie_fb.png\" \/>\n<meta name=\"twitter:card\" content=\"summary_large_image\" \/>\n<meta name=\"twitter:title\" content=\"Apoie a FLIMA\" \/>\n<meta name=\"twitter:description\" content=\"A FLIMA \u00e9 uma iniciativa cultural independente, com sede em Santo Ant\u00f4nio do Pinhal. Pedimos o apoio de pessoas que, como voc\u00ea, acreditam na causa da literatura e\/ou t\u00eam um carinho especial pela serra da Mantiqueira.\" \/>\n<meta name=\"twitter:image\" content=\"https:\/\/flima.net.br\/4\/wp-content\/uploads\/2021\/11\/apoie_twt.png\" \/>\n<script type=\"application\/ld+json\" class=\"yoast-schema-graph\">{\"@context\":\"https:\/\/schema.org\",\"@graph\":[{\"@type\":\"WebSite\",\"@id\":\"https:\/\/flima.net.br\/4\/#website\",\"url\":\"https:\/\/flima.net.br\/4\/\",\"name\":\"FLIMA\",\"description\":\"Festa Liter\u00e1ria Internacional da Mantiqueira\",\"potentialAction\":[{\"@type\":\"SearchAction\",\"target\":{\"@type\":\"EntryPoint\",\"urlTemplate\":\"https:\/\/flima.net.br\/4\/?s={search_term_string}\"},\"query-input\":\"required name=search_term_string\"}],\"inLanguage\":\"en-US\"},{\"@type\":\"ImageObject\",\"@id\":\"https:\/\/flima.net.br\/4\/apoie-a-flima#primaryimage\",\"inLanguage\":\"en-US\",\"url\":\"\",\"contentUrl\":\"\"},{\"@type\":\"WebPage\",\"@id\":\"https:\/\/flima.net.br\/4\/apoie-a-flima#webpage\",\"url\":\"https:\/\/flima.net.br\/4\/apoie-a-flima\",\"name\":\"Apoie a FLIMA - FLIMA\",\"isPartOf\":{\"@id\":\"https:\/\/flima.net.br\/4\/#website\"},\"datePublished\":\"2021-10-30T19:28:44+00:00\",\"dateModified\":\"2021-11-06T14:31:13+00:00\",\"description\":\"A FLIMA \u00e9 uma iniciativa cultural independente, com sede em Santo Ant\u00f4nio do Pinhal. Pedimos o apoio de pessoas que, como voc\u00ea, acreditam na causa da literatura e\/ou t\u00eam um carinho especial pela serra da Mantiqueira.\",\"breadcrumb\":{\"@id\":\"https:\/\/flima.net.br\/4\/apoie-a-flima#breadcrumb\"},\"inLanguage\":\"en-US\",\"potentialAction\":[{\"@type\":\"ReadAction\",\"target\":[\"https:\/\/flima.net.br\/4\/apoie-a-flima\"]}]},{\"@type\":\"BreadcrumbList\",\"@id\":\"https:\/\/flima.net.br\/4\/apoie-a-flima#breadcrumb\",\"itemListElement\":[{\"@type\":\"ListItem\",\"position\":1,\"name\":\"Home\",\"item\":\"https:\/\/flima.net.br\/4\/\"},{\"@type\":\"ListItem\",\"position\":2,\"name\":\"Apoie a FLIMA\"}]}]}<\/script>\n<!-- \/ Yoast SEO plugin. -->","yoast_head_json":{"title":"Apoie a FLIMA - FLIMA","description":"A FLIMA \u00e9 uma iniciativa cultural independente, com sede em Santo Ant\u00f4nio do Pinhal. Pedimos o apoio de pessoas que, como voc\u00ea, acreditam na causa da literatura e\/ou t\u00eam um carinho especial pela serra da Mantiqueira.","robots":{"index":"index","follow":"follow","max-snippet":"max-snippet:-1","max-image-preview":"max-image-preview:large","max-video-preview":"max-video-preview:-1"},"canonical":"https:\/\/flima.net.br\/4\/apoie-a-flima","og_locale":"en_US","og_type":"article","og_title":"Apoie a FLIMA","og_description":"A FLIMA \u00e9 uma iniciativa cultural independente, com sede em Santo Ant\u00f4nio do Pinhal. Pedimos o apoio de pessoas que, como voc\u00ea, acreditam na causa da literatura e\/ou t\u00eam um carinho especial pela serra da Mantiqueira.","og_url":"https:\/\/flima.net.br\/4\/apoie-a-flima","og_site_name":"FLIMA","article_modified_time":"2021-11-06T14:31:13+00:00","og_image":[{"url":"https:\/\/flima.net.br\/4\/wp-content\/uploads\/2021\/11\/apoie_fb.png"}],"twitter_card":"summary_large_image","twitter_title":"Apoie a FLIMA","twitter_description":"A FLIMA \u00e9 uma iniciativa cultural independente, com sede em Santo Ant\u00f4nio do Pinhal. Pedimos o apoio de pessoas que, como voc\u00ea, acreditam na causa da literatura e\/ou t\u00eam um carinho especial pela serra da Mantiqueira.","twitter_image":"https:\/\/flima.net.br\/4\/wp-content\/uploads\/2021\/11\/apoie_twt.png","schema":{"@context":"https:\/\/schema.org","@graph":[{"@type":"WebSite","@id":"https:\/\/flima.net.br\/4\/#website","url":"https:\/\/flima.net.br\/4\/","name":"FLIMA","description":"Festa Liter\u00e1ria Internacional da Mantiqueira","potentialAction":[{"@type":"SearchAction","target":{"@type":"EntryPoint","urlTemplate":"https:\/\/flima.net.br\/4\/?s={search_term_string}"},"query-input":"required name=search_term_string"}],"inLanguage":"en-US"},{"@type":"ImageObject","@id":"https:\/\/flima.net.br\/4\/apoie-a-flima#primaryimage","inLanguage":"en-US","url":"","contentUrl":""},{"@type":"WebPage","@id":"https:\/\/flima.net.br\/4\/apoie-a-flima#webpage","url":"https:\/\/flima.net.br\/4\/apoie-a-flima","name":"Apoie a FLIMA - FLIMA","isPartOf":{"@id":"https:\/\/flima.net.br\/4\/#website"},"datePublished":"2021-10-30T19:28:44+00:00","dateModified":"2021-11-06T14:31:13+00:00","description":"A FLIMA \u00e9 uma iniciativa cultural independente, com sede em Santo Ant\u00f4nio do Pinhal. Pedimos o apoio de pessoas que, como voc\u00ea, acreditam na causa da literatura e\/ou t\u00eam um carinho especial pela serra da Mantiqueira.","breadcrumb":{"@id":"https:\/\/flima.net.br\/4\/apoie-a-flima#breadcrumb"},"inLanguage":"en-US","potentialAction":[{"@type":"ReadAction","target":["https:\/\/flima.net.br\/4\/apoie-a-flima"]}]},{"@type":"BreadcrumbList","@id":"https:\/\/flima.net.br\/4\/apoie-a-flima#breadcrumb","itemListElement":[{"@type":"ListItem","position":1,"name":"Home","item":"https:\/\/flima.net.br\/4\/"},{"@type":"ListItem","position":2,"name":"Apoie a FLIMA"}]}]}},"_links":{"self":[{"href":"https:\/\/flima.net.br\/4\/wp-json\/wp\/v2\/pages\/97","targetHints":{"allow":["GET"]}}],"collection":[{"href":"https:\/\/flima.net.br\/4\/wp-json\/wp\/v2\/pages"}],"about":[{"href":"https:\/\/flima.net.br\/4\/wp-json\/wp\/v2\/types\/page"}],"author":[{"embeddable":true,"href":"https:\/\/flima.net.br\/4\/wp-json\/wp\/v2\/users\/1"}],"replies":[{"embeddable":true,"href":"https:\/\/flima.net.br\/4\/wp-json\/wp\/v2\/comments?post=97"}],"version-history":[{"count":1,"href":"https:\/\/flima.net.br\/4\/wp-json\/wp\/v2\/pages\/97\/revisions"}],"predecessor-version":[{"id":100,"href":"https:\/\/flima.net.br\/4\/wp-json\/wp\/v2\/pages\/97\/revisions\/100"}],"wp:attachment":[{"href":"https:\/\/flima.net.br\/4\/wp-json\/wp\/v2\/media?parent=97"}],"curies":[{"name":"wp","href":"https:\/\/api.w.org\/{rel}","templated":true}]}}