{"id":31,"date":"2021-10-29T19:01:12","date_gmt":"2021-10-29T19:01:12","guid":{"rendered":"https:\/\/flima.net.br\/4\/?page_id=31"},"modified":"2021-11-13T21:29:47","modified_gmt":"2021-11-13T21:29:47","slug":"programacao","status":"publish","type":"page","link":"https:\/\/flima.net.br\/4\/programacao","title":{"rendered":"Programa\u00e7\u00e3o"},"content":{"rendered":"","protected":false},"excerpt":{"rendered":"","protected":false},"author":1,"featured_media":0,"parent":0,"menu_order":0,"comment_status":"closed","ping_status":"closed","template":"","meta":{"footnotes":""},"class_list":["post-31","page","type-page","status-publish","hentry"],"yoast_head":"<!-- This site is optimized with the Yoast SEO plugin v18.4.1 - https:\/\/yoast.com\/wordpress\/plugins\/seo\/ -->\n<title>Programa\u00e7\u00e3o - FLIMA<\/title>\n<meta name=\"description\" content=\"Confira aqui a programa\u00e7\u00e3o completa!!\" \/>\n<meta name=\"robots\" content=\"index, follow, max-snippet:-1, max-image-preview:large, max-video-preview:-1\" \/>\n<link rel=\"canonical\" href=\"https:\/\/flima.net.br\/4\/programacao\" \/>\n<meta property=\"og:locale\" content=\"en_US\" \/>\n<meta property=\"og:type\" content=\"article\" \/>\n<meta property=\"og:title\" content=\"Programa\u00e7\u00e3o\" \/>\n<meta property=\"og:description\" content=\"Confira aqui a programa\u00e7\u00e3o completa!!\" \/>\n<meta property=\"og:url\" content=\"https:\/\/flima.net.br\/4\/programacao\" \/>\n<meta property=\"og:site_name\" content=\"FLIMA\" \/>\n<meta property=\"article:modified_time\" content=\"2021-11-13T21:29:47+00:00\" \/>\n<meta property=\"og:image\" content=\"https:\/\/flima.net.br\/4\/wp-content\/uploads\/2021\/11\/facebook.png\" \/>\n<meta name=\"twitter:card\" content=\"summary_large_image\" \/>\n<meta name=\"twitter:title\" content=\"Programa\u00e7\u00e3o\" \/>\n<meta name=\"twitter:description\" content=\"Confira aqui a programa\u00e7\u00e3o completa!!\" \/>\n<meta name=\"twitter:image\" content=\"https:\/\/flima.net.br\/4\/wp-content\/uploads\/2021\/11\/twitter.png\" \/>\n<script type=\"application\/ld+json\" class=\"yoast-schema-graph\">{\"@context\":\"https:\/\/schema.org\",\"@graph\":[{\"@type\":\"WebSite\",\"@id\":\"https:\/\/flima.net.br\/4\/#website\",\"url\":\"https:\/\/flima.net.br\/4\/\",\"name\":\"FLIMA\",\"description\":\"Festa Liter\u00e1ria Internacional da Mantiqueira\",\"potentialAction\":[{\"@type\":\"SearchAction\",\"target\":{\"@type\":\"EntryPoint\",\"urlTemplate\":\"https:\/\/flima.net.br\/4\/?s={search_term_string}\"},\"query-input\":\"required name=search_term_string\"}],\"inLanguage\":\"en-US\"},{\"@type\":\"ImageObject\",\"@id\":\"https:\/\/flima.net.br\/4\/programacao#primaryimage\",\"inLanguage\":\"en-US\",\"url\":\"\",\"contentUrl\":\"\"},{\"@type\":\"WebPage\",\"@id\":\"https:\/\/flima.net.br\/4\/programacao#webpage\",\"url\":\"https:\/\/flima.net.br\/4\/programacao\",\"name\":\"Programa\u00e7\u00e3o - FLIMA\",\"isPartOf\":{\"@id\":\"https:\/\/flima.net.br\/4\/#website\"},\"datePublished\":\"2021-10-29T19:01:12+00:00\",\"dateModified\":\"2021-11-13T21:29:47+00:00\",\"description\":\"Confira aqui a programa\u00e7\u00e3o completa!!\",\"breadcrumb\":{\"@id\":\"https:\/\/flima.net.br\/4\/programacao#breadcrumb\"},\"inLanguage\":\"en-US\",\"potentialAction\":[{\"@type\":\"ReadAction\",\"target\":[\"https:\/\/flima.net.br\/4\/programacao\"]}]},{\"@type\":\"BreadcrumbList\",\"@id\":\"https:\/\/flima.net.br\/4\/programacao#breadcrumb\",\"itemListElement\":[{\"@type\":\"ListItem\",\"position\":1,\"name\":\"Home\",\"item\":\"https:\/\/flima.net.br\/4\/\"},{\"@type\":\"ListItem\",\"position\":2,\"name\":\"Programa\u00e7\u00e3o\"}]}]}<\/script>\n<!-- \/ Yoast SEO plugin. -->","yoast_head_json":{"title":"Programa\u00e7\u00e3o - FLIMA","description":"Confira aqui a programa\u00e7\u00e3o completa!!","robots":{"index":"index","follow":"follow","max-snippet":"max-snippet:-1","max-image-preview":"max-image-preview:large","max-video-preview":"max-video-preview:-1"},"canonical":"https:\/\/flima.net.br\/4\/programacao","og_locale":"en_US","og_type":"article","og_title":"Programa\u00e7\u00e3o","og_description":"Confira aqui a programa\u00e7\u00e3o completa!!","og_url":"https:\/\/flima.net.br\/4\/programacao","og_site_name":"FLIMA","article_modified_time":"2021-11-13T21:29:47+00:00","og_image":[{"url":"https:\/\/flima.net.br\/4\/wp-content\/uploads\/2021\/11\/facebook.png"}],"twitter_card":"summary_large_image","twitter_title":"Programa\u00e7\u00e3o","twitter_description":"Confira aqui a programa\u00e7\u00e3o completa!!","twitter_image":"https:\/\/flima.net.br\/4\/wp-content\/uploads\/2021\/11\/twitter.png","schema":{"@context":"https:\/\/schema.org","@graph":[{"@type":"WebSite","@id":"https:\/\/flima.net.br\/4\/#website","url":"https:\/\/flima.net.br\/4\/","name":"FLIMA","description":"Festa Liter\u00e1ria Internacional da Mantiqueira","potentialAction":[{"@type":"SearchAction","target":{"@type":"EntryPoint","urlTemplate":"https:\/\/flima.net.br\/4\/?s={search_term_string}"},"query-input":"required name=search_term_string"}],"inLanguage":"en-US"},{"@type":"ImageObject","@id":"https:\/\/flima.net.br\/4\/programacao#primaryimage","inLanguage":"en-US","url":"","contentUrl":""},{"@type":"WebPage","@id":"https:\/\/flima.net.br\/4\/programacao#webpage","url":"https:\/\/flima.net.br\/4\/programacao","name":"Programa\u00e7\u00e3o - FLIMA","isPartOf":{"@id":"https:\/\/flima.net.br\/4\/#website"},"datePublished":"2021-10-29T19:01:12+00:00","dateModified":"2021-11-13T21:29:47+00:00","description":"Confira aqui a programa\u00e7\u00e3o completa!!","breadcrumb":{"@id":"https:\/\/flima.net.br\/4\/programacao#breadcrumb"},"inLanguage":"en-US","potentialAction":[{"@type":"ReadAction","target":["https:\/\/flima.net.br\/4\/programacao"]}]},{"@type":"BreadcrumbList","@id":"https:\/\/flima.net.br\/4\/programacao#breadcrumb","itemListElement":[{"@type":"ListItem","position":1,"name":"Home","item":"https:\/\/flima.net.br\/4\/"},{"@type":"ListItem","position":2,"name":"Programa\u00e7\u00e3o"}]}]}},"_links":{"self":[{"href":"https:\/\/flima.net.br\/4\/wp-json\/wp\/v2\/pages\/31","targetHints":{"allow":["GET"]}}],"collection":[{"href":"https:\/\/flima.net.br\/4\/wp-json\/wp\/v2\/pages"}],"about":[{"href":"https:\/\/flima.net.br\/4\/wp-json\/wp\/v2\/types\/page"}],"author":[{"embeddable":true,"href":"https:\/\/flima.net.br\/4\/wp-json\/wp\/v2\/users\/1"}],"replies":[{"embeddable":true,"href":"https:\/\/flima.net.br\/4\/wp-json\/wp\/v2\/comments?post=31"}],"version-history":[{"count":1,"href":"https:\/\/flima.net.br\/4\/wp-json\/wp\/v2\/pages\/31\/revisions"}],"predecessor-version":[{"id":32,"href":"https:\/\/flima.net.br\/4\/wp-json\/wp\/v2\/pages\/31\/revisions\/32"}],"wp:attachment":[{"href":"https:\/\/flima.net.br\/4\/wp-json\/wp\/v2\/media?parent=31"}],"curies":[{"name":"wp","href":"https:\/\/api.w.org\/{rel}","templated":true}]}}